{"id":2402,"date":"2024-06-07T21:34:07","date_gmt":"2024-06-07T21:34:07","guid":{"rendered":"https:\/\/sprachschule-unterdereiche.de\/?page_id=2402"},"modified":"2025-12-23T07:06:09","modified_gmt":"2025-12-23T07:06:09","slug":"arbeitsgeber","status":"publish","type":"page","link":"https:\/\/sprachschule-unterdereiche.de\/en\/employer\/","title":{"rendered":"Employer"},"content":{"rendered":"\t\t<div data-elementor-type=\"wp-page\" data-elementor-id=\"2402\" class=\"elementor elementor-2402\" data-elementor-post-type=\"page\">\n\t\t\t\t\t\t<section data-particle_enable=\"false\" data-particle-mobile-disabled=\"false\" class=\"elementor-section elementor-top-section elementor-element elementor-element-199017c elementor-section-boxed elementor-section-height-default elementor-section-height-default\" data-id=\"199017c\" data-element_type=\"section\" data-e-type=\"section\" data-settings=\"{&quot;background_background&quot;:&quot;classic&quot;}\">\n\t\t\t\t\t\t\t<div class=\"elementor-background-overlay\"><\/div>\n\t\t\t\t\t\t\t<div class=\"elementor-container elementor-column-gap-default\">\n\t\t\t\t\t<div class=\"elementor-column elementor-col-100 elementor-top-column elementor-element elementor-element-d9953ef\" data-id=\"d9953ef\" data-element_type=\"column\" data-e-type=\"column\">\n\t\t\t<div class=\"elementor-widget-wrap elementor-element-populated\">\n\t\t\t\t\t\t<div class=\"elementor-element elementor-element-2df7b1a elementor-widget elementor-widget-heading\" data-id=\"2df7b1a\" data-element_type=\"widget\" data-e-type=\"widget\" data-widget_type=\"heading.default\">\n\t\t\t\t\t<h1 class=\"elementor-heading-title elementor-size-default\">Employers<\/h1>\t\t\t\t<\/div>\n\t\t\t\t\t<\/div>\n\t\t<\/div>\n\t\t\t\t\t<\/div>\n\t\t<\/section>\n\t\t<div data-particle_enable=\"false\" data-particle-mobile-disabled=\"false\" class=\"elementor-element elementor-element-96543b8 e-flex e-con-boxed e-con e-parent\" data-id=\"96543b8\" data-element_type=\"container\" data-e-type=\"container\" data-settings=\"{&quot;background_background&quot;:&quot;classic&quot;}\">\n\t\t\t\t\t<div class=\"e-con-inner\">\n\t\t<div data-particle_enable=\"false\" data-particle-mobile-disabled=\"false\" class=\"elementor-element elementor-element-2f30cbb e-con-full e-flex e-con e-child\" data-id=\"2f30cbb\" data-element_type=\"container\" data-e-type=\"container\">\n\t\t\t\t<div class=\"elementor-element elementor-element-03fa1e7 elementor-widget elementor-widget-heading\" data-id=\"03fa1e7\" data-element_type=\"widget\" data-e-type=\"widget\" data-widget_type=\"heading.default\">\n\t\t\t\t\t<h2 class=\"elementor-heading-title elementor-size-default\">Employers<\/h2>\t\t\t\t<\/div>\n\t\t\t\t<div class=\"elementor-element elementor-element-814af55 elementor-widget elementor-widget-heading\" data-id=\"814af55\" data-element_type=\"widget\" data-e-type=\"widget\" data-widget_type=\"heading.default\">\n\t\t\t\t\t<p class=\"elementor-heading-title elementor-size-default\">Are you looking for reinforcement (trainees &amp; skilled workers) for your company?<br><br>\n\nThen you've come to the right place!<br><br>\n\nWe like to put our customers or language students in touch with suitable employers and maintain a good cooperation with universities and vocational schools in various countries. <br><br>\n\nWhat do we offer employers? <br><br>\n\nSimplified processes: We communicate with the authorities.<br><br>\n\nMatching workers: We first filter out candidates according to their requirements and then provide them to you.<br><br>\n\nContinuity: We constantly place workers for you so that you do not (have to) worry about a shortage of workers.<br><br>\n\nAccompaniment: We support employees at the start of their careers and during the probationary period. In an emergency, we are also your first point of contact. Through careful supervision, we promote the integration of employees into German society and increase their satisfaction during work. As a result, they will be happy to stay with you longer. Even if they don't fit the job, we look for a suitable job for the employees so that they are not simply sent back home.<br><br>\n\nFeel free to find out more about our Services.<\/p>\t\t\t\t<\/div>\n\t\t\t\t<\/div>\n\t\t\t\t\t<\/div>\n\t\t\t\t<\/div>\n\t\t\t\t<\/div>\n\t\t","protected":false},"excerpt":{"rendered":"Arbeitgeber Arbeitgeber Suche Sie nach Verst\u00e4rkung (Azubis &amp; Fachkr\u00e4fte) f\u00fcr Ihr Unternehmen? Dann sind Sie bei uns genau richtig! Wir setzen unsere Kunden bzw. Sprachsch\u00fcler gerne mit passenden Arbeitgebern in Kontakt und pflegen eine gute Zusammenarbeit mit Hochschulen und Berufsschulen in verschiedenen L\u00e4ndern. Was bieten wir f\u00fcr die Arbeitgeber an? Vereinfachte Prozesse: Wir kommunizieren mit [&hellip;]","protected":false},"author":2,"featured_media":0,"parent":0,"menu_order":0,"comment_status":"closed","ping_status":"closed","template":"elementor_header_footer","meta":{"footnotes":""},"class_list":["post-2402","page","type-page","status-publish","hentry"],"aioseo_notices":[],"_hostinger_reach_plugin_has_subscription_block":false,"_hostinger_reach_plugin_is_elementor":false,"_links":{"self":[{"href":"https:\/\/sprachschule-unterdereiche.de\/en\/wp-json\/wp\/v2\/pages\/2402","targetHints":{"allow":["GET"]}}],"collection":[{"href":"https:\/\/sprachschule-unterdereiche.de\/en\/wp-json\/wp\/v2\/pages"}],"about":[{"href":"https:\/\/sprachschule-unterdereiche.de\/en\/wp-json\/wp\/v2\/types\/page"}],"author":[{"embeddable":true,"href":"https:\/\/sprachschule-unterdereiche.de\/en\/wp-json\/wp\/v2\/users\/2"}],"replies":[{"embeddable":true,"href":"https:\/\/sprachschule-unterdereiche.de\/en\/wp-json\/wp\/v2\/comments?post=2402"}],"version-history":[{"count":56,"href":"https:\/\/sprachschule-unterdereiche.de\/en\/wp-json\/wp\/v2\/pages\/2402\/revisions"}],"predecessor-version":[{"id":4685,"href":"https:\/\/sprachschule-unterdereiche.de\/en\/wp-json\/wp\/v2\/pages\/2402\/revisions\/4685"}],"wp:attachment":[{"href":"https:\/\/sprachschule-unterdereiche.de\/en\/wp-json\/wp\/v2\/media?parent=2402"}],"curies":[{"name":"wp","href":"https:\/\/api.w.org\/{rel}","templated":true}]}}