{"id":2378,"date":"2024-06-07T20:55:58","date_gmt":"2024-06-07T20:55:58","guid":{"rendered":"https:\/\/sprachschule-unterdereiche.de\/?page_id=2378"},"modified":"2025-12-23T07:36:29","modified_gmt":"2025-12-23T07:36:29","slug":"eiqua","status":"publish","type":"page","link":"https:\/\/sprachschule-unterdereiche.de\/en\/eiqua\/","title":{"rendered":"EiQua"},"content":{"rendered":"\t\t<div data-elementor-type=\"wp-page\" data-elementor-id=\"2378\" class=\"elementor elementor-2378\" data-elementor-post-type=\"page\">\n\t\t\t\t\t\t<section data-particle_enable=\"false\" data-particle-mobile-disabled=\"false\" class=\"elementor-section elementor-top-section elementor-element elementor-element-199017c elementor-section-boxed elementor-section-height-default elementor-section-height-default\" data-id=\"199017c\" data-element_type=\"section\" data-e-type=\"section\" data-settings=\"{&quot;background_background&quot;:&quot;classic&quot;}\">\n\t\t\t\t\t\t\t<div class=\"elementor-background-overlay\"><\/div>\n\t\t\t\t\t\t\t<div class=\"elementor-container elementor-column-gap-default\">\n\t\t\t\t\t<div class=\"elementor-column elementor-col-100 elementor-top-column elementor-element elementor-element-d9953ef\" data-id=\"d9953ef\" data-element_type=\"column\" data-e-type=\"column\">\n\t\t\t<div class=\"elementor-widget-wrap elementor-element-populated\">\n\t\t\t\t\t\t<div class=\"elementor-element elementor-element-2df7b1a elementor-widget elementor-widget-heading\" data-id=\"2df7b1a\" data-element_type=\"widget\" data-e-type=\"widget\" data-widget_type=\"heading.default\">\n\t\t\t\t\t<h1 class=\"elementor-heading-title elementor-size-default\">EiQua<\/h1>\t\t\t\t<\/div>\n\t\t\t\t\t<\/div>\n\t\t<\/div>\n\t\t\t\t\t<\/div>\n\t\t<\/section>\n\t\t<div data-particle_enable=\"false\" data-particle-mobile-disabled=\"false\" class=\"elementor-element elementor-element-7a849b0 e-flex e-con-boxed e-con e-parent\" data-id=\"7a849b0\" data-element_type=\"container\" data-e-type=\"container\" data-settings=\"{&quot;background_background&quot;:&quot;classic&quot;}\">\n\t\t\t\t\t<div class=\"e-con-inner\">\n\t\t\t\t<div class=\"elementor-element elementor-element-6b08629 elementor-widget elementor-widget-heading\" data-id=\"6b08629\" data-element_type=\"widget\" data-e-type=\"widget\" data-widget_type=\"heading.default\">\n\t\t\t\t\t<h2 class=\"elementor-heading-title elementor-size-default\">What is EiQua?<\/h2>\t\t\t\t<\/div>\n\t\t\t\t<div class=\"elementor-element elementor-element-7ee1171 elementor-widget elementor-widget-text-editor\" data-id=\"7ee1171\" data-element_type=\"widget\" data-e-type=\"widget\" data-widget_type=\"text-editor.default\">\n\t\t\t\t\t\t\t\t\t<p>EiQua is the abbreviation for &#8220;Oak Qualification&#8221;. The EiQua language exams are developed by the language school Unter der Eiche and are based on the Common European Framework of Reference for Languages (CEFR). The aim is to develop standardised and scientifically tested language examinations. Goethe exams and TestDaF (German as a foreign language) were consulted as references.<\/p>\t\t\t\t\t\t\t\t<\/div>\n\t\t\t\t<div class=\"elementor-element elementor-element-917976e elementor-widget elementor-widget-heading\" data-id=\"917976e\" data-element_type=\"widget\" data-e-type=\"widget\" data-widget_type=\"heading.default\">\n\t\t\t\t\t<h2 class=\"elementor-heading-title elementor-size-default\">The EiQua German Exam<\/h2>\t\t\t\t<\/div>\n\t\t\t\t<div class=\"elementor-element elementor-element-7280608 elementor-widget elementor-widget-text-editor\" data-id=\"7280608\" data-element_type=\"widget\" data-e-type=\"widget\" data-widget_type=\"text-editor.default\">\n\t\t\t\t\t\t\t\t\t<p>The EiQua German exam offers exams at levels A1 \u2013 C1. The respective level corresponds to the CEFR.<\/p>\t\t\t\t\t\t\t\t<\/div>\n\t\t\t\t<div class=\"elementor-element elementor-element-0192bb3 elementor-widget elementor-widget-text-editor\" data-id=\"0192bb3\" data-element_type=\"widget\" data-e-type=\"widget\" data-widget_type=\"text-editor.default\">\n\t\t\t\t\t\t\t\t\t<p>Source:\u00a0<a href=\"https:\/\/www.europaeischer-referenzrahmen.de\/\" target=\"_blank\" rel=\"noopener\"><strong>https:\/\/www.europaeischer-referenzrahmen.de<\/strong><\/a><\/p>\t\t\t\t\t\t\t\t<\/div>\n\t\t\t\t<div class=\"elementor-element elementor-element-cdb019a elementor-widget elementor-widget-text-editor\" data-id=\"cdb019a\" data-element_type=\"widget\" data-e-type=\"widget\" data-widget_type=\"text-editor.default\">\n\t\t\t\t\t\t\t\t\t<p>The EiQua German exam consists of four parts: Reading Comprehension (with a grammar part), Listening Comprehension, Written Expression, and Speaking. The format is as follows:<\/p>\t\t\t\t\t\t\t\t<\/div>\n\t\t\t\t<div class=\"elementor-element elementor-element-c91d734 elementor-widget elementor-widget-heading\" data-id=\"c91d734\" data-element_type=\"widget\" data-e-type=\"widget\" data-widget_type=\"heading.default\">\n\t\t\t\t\t<h2 class=\"elementor-heading-title elementor-size-default\">Format:<\/h2>\t\t\t\t<\/div>\n\t\t\t\t<div class=\"elementor-element elementor-element-9e69d8d elementor-widget elementor-widget-text-editor\" data-id=\"9e69d8d\" data-element_type=\"widget\" data-e-type=\"widget\" data-widget_type=\"text-editor.default\">\n\t\t\t\t\t\t\t\t\t<p>The exam is used to test the language skills of the participants. Whether you are looking for a certificate for professional recognition, studies or everyday life &#8211; you will find the right exam with us.<\/p>\t\t\t\t\t\t\t\t<\/div>\n\t\t\t\t<div class=\"elementor-element elementor-element-b375e2c elementor-widget elementor-widget-heading\" data-id=\"b375e2c\" data-element_type=\"widget\" data-e-type=\"widget\" data-widget_type=\"heading.default\">\n\t\t\t\t\t<h2 class=\"elementor-heading-title elementor-size-default\">Quality assurance:<\/h2>\t\t\t\t<\/div>\n\t\t\t\t<div class=\"elementor-element elementor-element-f4caafb elementor-widget elementor-widget-text-editor\" data-id=\"f4caafb\" data-element_type=\"widget\" data-e-type=\"widget\" data-widget_type=\"text-editor.default\">\n\t\t\t\t\t\t\t\t\t<p>In order to ensure a high standard and the best quality, we attach great importance to statistical tests. The aim is to have the EiQua German exam officially recognized.<\/p>\t\t\t\t\t\t\t\t<\/div>\n\t\t\t\t\t<\/div>\n\t\t\t\t<\/div>\n\t\t\t\t<\/div>\n\t\t","protected":false},"excerpt":{"rendered":"EiQua Was ist EiQua EiQua ist die Abk\u00fcrzung f\u00fcr \u201eEiche-Qualifizierung\u201c. Die EiQua Sprachpr\u00fcfungen werden von der Sprachschule Unter der Eiche entwickelt und orientieren sich an dem Gemeinsamen Europ\u00e4ischen Referenzrahmen (GER). Ziel ist es, standardisierte und wissenschaftlich gepr\u00fcfte Sprachpr\u00fcfungen zu entwickeln. Als Referenzen wurden Goethe Pr\u00fcfungen und TestDaF (Deutsch als Fremdsprache) zurate gezogen. Die EiQua Deutschpr\u00fcfung [&hellip;]","protected":false},"author":2,"featured_media":0,"parent":0,"menu_order":0,"comment_status":"closed","ping_status":"closed","template":"elementor_header_footer","meta":{"footnotes":""},"class_list":["post-2378","page","type-page","status-publish","hentry"],"aioseo_notices":[],"_hostinger_reach_plugin_has_subscription_block":false,"_hostinger_reach_plugin_is_elementor":false,"_links":{"self":[{"href":"https:\/\/sprachschule-unterdereiche.de\/en\/wp-json\/wp\/v2\/pages\/2378","targetHints":{"allow":["GET"]}}],"collection":[{"href":"https:\/\/sprachschule-unterdereiche.de\/en\/wp-json\/wp\/v2\/pages"}],"about":[{"href":"https:\/\/sprachschule-unterdereiche.de\/en\/wp-json\/wp\/v2\/types\/page"}],"author":[{"embeddable":true,"href":"https:\/\/sprachschule-unterdereiche.de\/en\/wp-json\/wp\/v2\/users\/2"}],"replies":[{"embeddable":true,"href":"https:\/\/sprachschule-unterdereiche.de\/en\/wp-json\/wp\/v2\/comments?post=2378"}],"version-history":[{"count":277,"href":"https:\/\/sprachschule-unterdereiche.de\/en\/wp-json\/wp\/v2\/pages\/2378\/revisions"}],"predecessor-version":[{"id":4700,"href":"https:\/\/sprachschule-unterdereiche.de\/en\/wp-json\/wp\/v2\/pages\/2378\/revisions\/4700"}],"wp:attachment":[{"href":"https:\/\/sprachschule-unterdereiche.de\/en\/wp-json\/wp\/v2\/media?parent=2378"}],"curies":[{"name":"wp","href":"https:\/\/api.w.org\/{rel}","templated":true}]}}